{"id":9262,"date":"2025-01-08T16:18:18","date_gmt":"2025-01-08T15:18:18","guid":{"rendered":"https:\/\/vcrhawo.cluster100.hosting.ovh.net\/?page_id=9262"},"modified":"2025-01-08T16:23:03","modified_gmt":"2025-01-08T15:23:03","slug":"politique-cookies","status":"publish","type":"page","link":"https:\/\/aliance-mobilier.com\/index.php\/politique-cookies\/","title":{"rendered":"Politique relative aux cookies"},"content":{"rendered":"\t\t<div data-elementor-type=\"wp-page\" data-elementor-id=\"9262\" class=\"elementor elementor-9262\" data-elementor-post-type=\"page\">\n\t\t\t\t<div class=\"elementor-element elementor-element-764b03d0 e-flex e-con-boxed e-con e-parent\" data-id=\"764b03d0\" data-element_type=\"container\">\n\t\t\t\t\t<div class=\"e-con-inner\">\n\t\t\t\t<div class=\"elementor-element elementor-element-f8870f5 elementor-widget elementor-widget-heading\" data-id=\"f8870f5\" data-element_type=\"widget\" data-widget_type=\"heading.default\">\n\t\t\t\t<div class=\"elementor-widget-container\">\n\t\t\t\t\t<h1 class=\"elementor-heading-title elementor-size-default\">Politique relative aux cookies<\/h1>\t\t\t\t<\/div>\n\t\t\t\t<\/div>\n\t\t\t\t<div class=\"elementor-element elementor-element-32fea3fe elementor-widget elementor-widget-text-editor\" data-id=\"32fea3fe\" data-element_type=\"widget\" data-widget_type=\"text-editor.default\">\n\t\t\t\t<div class=\"elementor-widget-container\">\n\t\t\t\t\t\t\t\t\t\n<h2>Politique relative aux cookies<\/h2>\n<h3>Qu\u2019est-ce qu\u2019un cookie ?<\/h3>\n<p>Un cookie est un petit fichier texte d\u00e9pos\u00e9 sur votre appareil (ordinateur, tablette, smartphone) lors de votre visite sur un site internet. Les cookies permettent de collecter des informations sur votre navigation pour am\u00e9liorer votre exp\u00e9rience utilisateur et fournir des services personnalis\u00e9s.<\/p>\n<h3><br \/>Types de cookies utilis\u00e9s sur ce site<\/h3>\n<p>Nous utilisons plusieurs types de cookies sur notre site, qui peuvent \u00eatre class\u00e9s comme suit :<\/p>\n<ol>\n<li>\n<p><strong>Cookies strictement n\u00e9cessaires<\/strong> :<br \/>Ces cookies sont essentiels au bon fonctionnement du site et ne peuvent pas \u00eatre d\u00e9sactiv\u00e9s dans nos syst\u00e8mes. Ils sont g\u00e9n\u00e9ralement activ\u00e9s en r\u00e9ponse \u00e0 des actions effectu\u00e9es par l\u2019utilisateur, telles que la configuration de vos pr\u00e9f\u00e9rences de confidentialit\u00e9, la connexion ou le remplissage de formulaires.<\/p>\n<\/li>\n<li>\n<p><strong>Cookies de performance et d\u2019analyse<\/strong> :<br \/>Ces cookies collectent des informations anonymes sur la mani\u00e8re dont les visiteurs utilisent notre site (pages visit\u00e9es, dur\u00e9e des visites, erreurs \u00e9ventuelles).<br \/>Nous utilisons <strong>Google Analytics<\/strong>, un service propos\u00e9 par Google LLC, pour collecter des donn\u00e9es statistiques anonymes. Ces informations nous aident \u00e0 am\u00e9liorer la performance de notre site et \u00e0 mieux comprendre les besoins des utilisateurs. Google Analytics utilise des cookies pour analyser la mani\u00e8re dont vous interagissez avec le site. Pour en savoir plus sur la gestion des donn\u00e9es par Google Analytics, vous pouvez consulter <a href=\"https:\/\/policies.google.com\/privacy\">la politique de confidentialit\u00e9 de Google<\/a>.<\/p>\n<\/li>\n<li>\n<p><strong>Cookies fonctionnels<\/strong> :<br \/>Ces cookies permettent de m\u00e9moriser vos choix et pr\u00e9f\u00e9rences (comme la langue ou la r\u00e9gion) pour offrir une exp\u00e9rience plus personnalis\u00e9e.<\/p>\n<\/li>\n<\/ol>\n<h3><br \/>Consentement<\/h3>\n<p>Lors de votre premi\u00e8re visite sur notre site, un bandeau s\u2019affiche pour vous informer de l\u2019utilisation des cookies et vous permet de les accepter, de les refuser, ou de personnaliser vos pr\u00e9f\u00e9rences.<br \/>Vous pouvez \u00e0 tout moment modifier vos choix en cliquant sur le bouton des cookies situ\u00e9 en bas.<\/p>\n<h3><br \/>Gestion des cookies<\/h3>\n<p>Vous pouvez configurer vos pr\u00e9f\u00e9rences de cookies de plusieurs fa\u00e7ons :<\/p>\n<ul>\n<li>Via le bandeau cookies affich\u00e9 lors de votre premi\u00e8re visite sur le site.<\/li>\n<li>En modifiant les param\u00e8tres de votre navigateur pour bloquer ou supprimer les cookies. Veuillez noter que le blocage de certains cookies peut alt\u00e9rer le fonctionnement du site.<\/li>\n<\/ul>\n<p>Voici les liens vers les guides de gestion des cookies pour les navigateurs les plus courants :<\/p>\n<ul>\n<li><a href=\"https:\/\/support.google.com\/chrome\/answer\/95647?hl=fr\">Google Chrome<\/a><\/li>\n<li><a href=\"https:\/\/support.mozilla.org\/fr\/kb\/activer-desactiver-cookies\">Mozilla Firefox<\/a><\/li>\n<li><a href=\"https:\/\/support.apple.com\/fr-fr\/guide\/safari\/sfri11471\/mac\">Safari<\/a><\/li>\n<li><a href=\"https:\/\/support.microsoft.com\/fr-fr\/help\/4027947\/microsoft-edge-delete-cookies\">Microsoft Edge<\/a><\/li>\n<\/ul>\n<h3><br \/>Dur\u00e9e de conservation des cookies<\/h3>\n<p>Les cookies d\u00e9pos\u00e9s sur votre appareil sont conserv\u00e9s pour une dur\u00e9e maximale de 13 mois, conform\u00e9ment \u00e0 la r\u00e9glementation en vigueur.<\/p>\n<h3><br \/>Vos droits<\/h3>\n<p>Conform\u00e9ment au R\u00e8glement G\u00e9n\u00e9ral sur la Protection des Donn\u00e9es (RGPD), vous disposez des droits suivants concernant vos donn\u00e9es personnelles collect\u00e9es via les cookies :<\/p>\n<ul>\n<li>Droit d\u2019acc\u00e8s, de rectification et de suppression.<\/li>\n<li>Droit d\u2019opposition au traitement des donn\u00e9es.<\/li>\n<\/ul>\n<p>Pour exercer vos droits ou poser une question sur notre politique relative aux cookies, vous pouvez nous contacter \u00e0 : <a href=\"mailto:contact@aliance-mobilier.com\">contact@aliance-mobilier.com<\/a>.<\/p>\n<h3><br \/>Mise \u00e0 jour de la politique relative aux cookies<\/h3>\n<p>Aliance Mobilier se r\u00e9serve le droit de mettre \u00e0 jour cette politique \u00e0 tout moment. Nous vous recommandons de consulter cette page r\u00e9guli\u00e8rement pour rester inform\u00e9(e).<\/p>\n\t\t\t\t\t\t\t\t<\/div>\n\t\t\t\t<\/div>\n\t\t\t\t\t<\/div>\n\t\t\t\t<\/div>\n\t\t\t\t<\/div>\n\t\t","protected":false},"excerpt":{"rendered":"<p>Politique relative aux cookies Politique relative aux cookies Qu\u2019est-ce qu\u2019un cookie ? Un cookie est un petit fichier texte d\u00e9pos\u00e9 [&hellip;]<\/p>\n","protected":false},"author":1,"featured_media":0,"parent":0,"menu_order":0,"comment_status":"closed","ping_status":"closed","template":"","meta":{"_acf_changed":false,"site-sidebar-layout":"default","site-content-layout":"","ast-site-content-layout":"default","site-content-style":"default","site-sidebar-style":"default","ast-global-header-display":"","ast-banner-title-visibility":"","ast-main-header-display":"","ast-hfb-above-header-display":"","ast-hfb-below-header-display":"","ast-hfb-mobile-header-display":"","site-post-title":"","ast-breadcrumbs-content":"","ast-featured-img":"","footer-sml-layout":"","ast-disable-related-posts":"","theme-transparent-header-meta":"","adv-header-id-meta":"","stick-header-meta":"","header-above-stick-meta":"","header-main-stick-meta":"","header-below-stick-meta":"","astra-migrate-meta-layouts":"default","ast-page-background-enabled":"default","ast-page-background-meta":{"desktop":{"background-color":"var(--ast-global-color-4)","background-image":"","background-repeat":"repeat","background-position":"center center","background-size":"auto","background-attachment":"scroll","background-type":"","background-media":"","overlay-type":"","overlay-color":"","overlay-opacity":"","overlay-gradient":""},"tablet":{"background-color":"","background-image":"","background-repeat":"repeat","background-position":"center center","background-size":"auto","background-attachment":"scroll","background-type":"","background-media":"","overlay-type":"","overlay-color":"","overlay-opacity":"","overlay-gradient":""},"mobile":{"background-color":"","background-image":"","background-repeat":"repeat","background-position":"center center","background-size":"auto","background-attachment":"scroll","background-type":"","background-media":"","overlay-type":"","overlay-color":"","overlay-opacity":"","overlay-gradient":""}},"ast-content-background-meta":{"desktop":{"background-color":"var(--ast-global-color-5)","background-image":"","background-repeat":"repeat","background-position":"center center","background-size":"auto","background-attachment":"scroll","background-type":"","background-media":"","overlay-type":"","overlay-color":"","overlay-opacity":"","overlay-gradient":""},"tablet":{"background-color":"var(--ast-global-color-5)","background-image":"","background-repeat":"repeat","background-position":"center center","background-size":"auto","background-attachment":"scroll","background-type":"","background-media":"","overlay-type":"","overlay-color":"","overlay-opacity":"","overlay-gradient":""},"mobile":{"background-color":"var(--ast-global-color-5)","background-image":"","background-repeat":"repeat","background-position":"center center","background-size":"auto","background-attachment":"scroll","background-type":"","background-media":"","overlay-type":"","overlay-color":"","overlay-opacity":"","overlay-gradient":""}},"footnotes":""},"class_list":["post-9262","page","type-page","status-publish","hentry"],"acf":[],"yoast_head":"<!-- This site is optimized with the Yoast SEO plugin v26.6 - https:\/\/yoast.com\/wordpress\/plugins\/seo\/ -->\n<title>Politique relative aux cookies - Aliance Mobilier<\/title>\n<meta name=\"robots\" content=\"index, follow, max-snippet:-1, max-image-preview:large, max-video-preview:-1\" \/>\n<link rel=\"canonical\" href=\"http:\/\/aliance-mobilier.com\/index.php\/politique-cookies\/\" \/>\n<meta property=\"og:locale\" content=\"fr_FR\" \/>\n<meta property=\"og:type\" content=\"article\" \/>\n<meta property=\"og:title\" content=\"Politique relative aux cookies - Aliance Mobilier\" \/>\n<meta property=\"og:description\" content=\"Politique relative aux cookies Politique relative aux cookies Qu\u2019est-ce qu\u2019un cookie ? Un cookie est un petit fichier texte d\u00e9pos\u00e9 [&hellip;]\" \/>\n<meta property=\"og:url\" content=\"http:\/\/aliance-mobilier.com\/index.php\/politique-cookies\/\" \/>\n<meta property=\"og:site_name\" content=\"Aliance Mobilier\" \/>\n<meta property=\"article:modified_time\" content=\"2025-01-08T15:23:03+00:00\" \/>\n<meta name=\"twitter:card\" content=\"summary_large_image\" \/>\n<meta name=\"twitter:label1\" content=\"Dur\u00e9e de lecture estim\u00e9e\" \/>\n\t<meta name=\"twitter:data1\" content=\"3 minutes\" \/>\n<script type=\"application\/ld+json\" class=\"yoast-schema-graph\">{\"@context\":\"https:\/\/schema.org\",\"@graph\":[{\"@type\":\"WebPage\",\"@id\":\"http:\/\/aliance-mobilier.com\/index.php\/politique-cookies\/\",\"url\":\"http:\/\/aliance-mobilier.com\/index.php\/politique-cookies\/\",\"name\":\"Politique relative aux cookies - Aliance Mobilier\",\"isPartOf\":{\"@id\":\"http:\/\/aliance-mobilier.com\/#website\"},\"datePublished\":\"2025-01-08T15:18:18+00:00\",\"dateModified\":\"2025-01-08T15:23:03+00:00\",\"breadcrumb\":{\"@id\":\"http:\/\/aliance-mobilier.com\/index.php\/politique-cookies\/#breadcrumb\"},\"inLanguage\":\"fr-FR\",\"potentialAction\":[{\"@type\":\"ReadAction\",\"target\":[\"http:\/\/aliance-mobilier.com\/index.php\/politique-cookies\/\"]}]},{\"@type\":\"BreadcrumbList\",\"@id\":\"http:\/\/aliance-mobilier.com\/index.php\/politique-cookies\/#breadcrumb\",\"itemListElement\":[{\"@type\":\"ListItem\",\"position\":1,\"name\":\"Accueil\",\"item\":\"https:\/\/aliance-mobilier.com\/\"},{\"@type\":\"ListItem\",\"position\":2,\"name\":\"Politique relative aux cookies\"}]},{\"@type\":\"WebSite\",\"@id\":\"http:\/\/aliance-mobilier.com\/#website\",\"url\":\"http:\/\/aliance-mobilier.com\/\",\"name\":\"Aliance Mobilier\",\"description\":\"Location de mobilier \u00e9v\u00e9nementiel\",\"publisher\":{\"@id\":\"http:\/\/aliance-mobilier.com\/#organization\"},\"potentialAction\":[{\"@type\":\"SearchAction\",\"target\":{\"@type\":\"EntryPoint\",\"urlTemplate\":\"http:\/\/aliance-mobilier.com\/?s={search_term_string}\"},\"query-input\":{\"@type\":\"PropertyValueSpecification\",\"valueRequired\":true,\"valueName\":\"search_term_string\"}}],\"inLanguage\":\"fr-FR\"},{\"@type\":\"Organization\",\"@id\":\"http:\/\/aliance-mobilier.com\/#organization\",\"name\":\"Aliance Mobilier\",\"url\":\"http:\/\/aliance-mobilier.com\/\",\"logo\":{\"@type\":\"ImageObject\",\"inLanguage\":\"fr-FR\",\"@id\":\"http:\/\/aliance-mobilier.com\/#\/schema\/logo\/image\/\",\"url\":\"https:\/\/aliance-mobilier.com\/wp-content\/uploads\/2025\/08\/aliance-svg-3.svg\",\"contentUrl\":\"https:\/\/aliance-mobilier.com\/wp-content\/uploads\/2025\/08\/aliance-svg-3.svg\",\"width\":348,\"height\":34,\"caption\":\"Aliance Mobilier\"},\"image\":{\"@id\":\"http:\/\/aliance-mobilier.com\/#\/schema\/logo\/image\/\"}}]}<\/script>\n<!-- \/ Yoast SEO plugin. -->","yoast_head_json":{"title":"Politique relative aux cookies - Aliance Mobilier","robots":{"index":"index","follow":"follow","max-snippet":"max-snippet:-1","max-image-preview":"max-image-preview:large","max-video-preview":"max-video-preview:-1"},"canonical":"http:\/\/aliance-mobilier.com\/index.php\/politique-cookies\/","og_locale":"fr_FR","og_type":"article","og_title":"Politique relative aux cookies - Aliance Mobilier","og_description":"Politique relative aux cookies Politique relative aux cookies Qu\u2019est-ce qu\u2019un cookie ? Un cookie est un petit fichier texte d\u00e9pos\u00e9 [&hellip;]","og_url":"http:\/\/aliance-mobilier.com\/index.php\/politique-cookies\/","og_site_name":"Aliance Mobilier","article_modified_time":"2025-01-08T15:23:03+00:00","twitter_card":"summary_large_image","twitter_misc":{"Dur\u00e9e de lecture estim\u00e9e":"3 minutes"},"schema":{"@context":"https:\/\/schema.org","@graph":[{"@type":"WebPage","@id":"http:\/\/aliance-mobilier.com\/index.php\/politique-cookies\/","url":"http:\/\/aliance-mobilier.com\/index.php\/politique-cookies\/","name":"Politique relative aux cookies - Aliance Mobilier","isPartOf":{"@id":"http:\/\/aliance-mobilier.com\/#website"},"datePublished":"2025-01-08T15:18:18+00:00","dateModified":"2025-01-08T15:23:03+00:00","breadcrumb":{"@id":"http:\/\/aliance-mobilier.com\/index.php\/politique-cookies\/#breadcrumb"},"inLanguage":"fr-FR","potentialAction":[{"@type":"ReadAction","target":["http:\/\/aliance-mobilier.com\/index.php\/politique-cookies\/"]}]},{"@type":"BreadcrumbList","@id":"http:\/\/aliance-mobilier.com\/index.php\/politique-cookies\/#breadcrumb","itemListElement":[{"@type":"ListItem","position":1,"name":"Accueil","item":"https:\/\/aliance-mobilier.com\/"},{"@type":"ListItem","position":2,"name":"Politique relative aux cookies"}]},{"@type":"WebSite","@id":"http:\/\/aliance-mobilier.com\/#website","url":"http:\/\/aliance-mobilier.com\/","name":"Aliance Mobilier","description":"Location de mobilier \u00e9v\u00e9nementiel","publisher":{"@id":"http:\/\/aliance-mobilier.com\/#organization"},"potentialAction":[{"@type":"SearchAction","target":{"@type":"EntryPoint","urlTemplate":"http:\/\/aliance-mobilier.com\/?s={search_term_string}"},"query-input":{"@type":"PropertyValueSpecification","valueRequired":true,"valueName":"search_term_string"}}],"inLanguage":"fr-FR"},{"@type":"Organization","@id":"http:\/\/aliance-mobilier.com\/#organization","name":"Aliance Mobilier","url":"http:\/\/aliance-mobilier.com\/","logo":{"@type":"ImageObject","inLanguage":"fr-FR","@id":"http:\/\/aliance-mobilier.com\/#\/schema\/logo\/image\/","url":"https:\/\/aliance-mobilier.com\/wp-content\/uploads\/2025\/08\/aliance-svg-3.svg","contentUrl":"https:\/\/aliance-mobilier.com\/wp-content\/uploads\/2025\/08\/aliance-svg-3.svg","width":348,"height":34,"caption":"Aliance Mobilier"},"image":{"@id":"http:\/\/aliance-mobilier.com\/#\/schema\/logo\/image\/"}}]}},"_links":{"self":[{"href":"https:\/\/aliance-mobilier.com\/index.php\/wp-json\/wp\/v2\/pages\/9262","targetHints":{"allow":["GET"]}}],"collection":[{"href":"https:\/\/aliance-mobilier.com\/index.php\/wp-json\/wp\/v2\/pages"}],"about":[{"href":"https:\/\/aliance-mobilier.com\/index.php\/wp-json\/wp\/v2\/types\/page"}],"author":[{"embeddable":true,"href":"https:\/\/aliance-mobilier.com\/index.php\/wp-json\/wp\/v2\/users\/1"}],"replies":[{"embeddable":true,"href":"https:\/\/aliance-mobilier.com\/index.php\/wp-json\/wp\/v2\/comments?post=9262"}],"version-history":[{"count":0,"href":"https:\/\/aliance-mobilier.com\/index.php\/wp-json\/wp\/v2\/pages\/9262\/revisions"}],"wp:attachment":[{"href":"https:\/\/aliance-mobilier.com\/index.php\/wp-json\/wp\/v2\/media?parent=9262"}],"curies":[{"name":"wp","href":"https:\/\/api.w.org\/{rel}","templated":true}]}}