{"id":16,"date":"2025-01-08T15:52:50","date_gmt":"2025-01-08T14:52:50","guid":{"rendered":"http:\/\/vcrhawo.cluster100.hosting.ovh.net\/?page_id=16"},"modified":"2025-09-19T10:36:30","modified_gmt":"2025-09-19T08:36:30","slug":"mentions-legales","status":"publish","type":"page","link":"https:\/\/aliance-mobilier.com\/index.php\/mentions-legales\/","title":{"rendered":"Mentions l\u00e9gales"},"content":{"rendered":"\t\t<div data-elementor-type=\"wp-page\" data-elementor-id=\"16\" class=\"elementor elementor-16\" data-elementor-post-type=\"page\">\n\t\t\t\t<div class=\"elementor-element elementor-element-764b03d0 e-flex e-con-boxed e-con e-parent\" data-id=\"764b03d0\" data-element_type=\"container\">\n\t\t\t\t\t<div class=\"e-con-inner\">\n\t\t\t\t<div class=\"elementor-element elementor-element-f8870f5 elementor-widget elementor-widget-heading\" data-id=\"f8870f5\" data-element_type=\"widget\" data-widget_type=\"heading.default\">\n\t\t\t\t<div class=\"elementor-widget-container\">\n\t\t\t\t\t<h1 class=\"elementor-heading-title elementor-size-default\">Mentions l\u00e9gales<\/h1>\t\t\t\t<\/div>\n\t\t\t\t<\/div>\n\t\t\t\t<div class=\"elementor-element elementor-element-32fea3fe elementor-widget elementor-widget-text-editor\" data-id=\"32fea3fe\" data-element_type=\"widget\" data-widget_type=\"text-editor.default\">\n\t\t\t\t<div class=\"elementor-widget-container\">\n\t\t\t\t\t\t\t\t\t<h3>Propri\u00e9taire du site :<\/h3>\n<p><strong>Aliance Mobilier<\/strong><br \/>SARL au capital de 10.000 \u20ac<br \/>SIRET : 489 945 139 00017<br \/>Num\u00e9ro de TVA intracommunautaire : FR55 489 945 139<br \/>Adresse : 20, boulevard du Libre \u00c9change, 31650 Saint-Orens-de-Gameville, France<br \/>Email : <a href=\"mailto:contact@aliance-mobilier.com\">contact@aliance-mobilier.com<\/a><\/p>\n<p><strong>Responsable de la publication<\/strong> :<br \/>Jean-Pierre Navarri<\/p>\n<h3>Concepteur du site :<\/h3>\n<p><strong>Origin Creative Agency<\/strong><br \/>SAS au capital de 3 000\u20ac<br \/>SIRET : 91536468100022<br \/>Adresse : 51 Rue Amp\u00e8re, 31670 Lab\u00e8ge, France<\/p>\n<h3>H\u00e9bergeur du site :<\/h3>\n<p><strong>OVH SAS<\/strong><br data-start=\"253\" data-end=\"256\" \/>Adresse : 2 rue Kellermann \u2013 59100 Roubaix \u2013 France<br data-start=\"307\" data-end=\"310\" \/>T\u00e9l\u00e9phone : +33 9 72 10 10 07<br data-start=\"339\" data-end=\"342\" \/>Site web : <a class=\"decorated-link cursor-pointer\" target=\"_new\" rel=\"noopener\" data-start=\"353\" data-end=\"387\">www.ovh.com<\/a><\/p>\n<h3>Cr\u00e9dits des contenus :<\/h3>\n<p>Tous les textes, images, et contenus pr\u00e9sents sur ce site sont la propri\u00e9t\u00e9 exclusive d\u2019<strong>Aliance Mobilier<\/strong>, sauf mention contraire. Toute reproduction, m\u00eame partielle, est interdite sans autorisation pr\u00e9alable.<\/p>\n<h3>Donn\u00e9es personnelles :<\/h3>\n<p><strong>Collecte et utilisation des donn\u00e9es<\/strong> :<br \/>Les donn\u00e9es personnelles collect\u00e9es via le formulaire de contact et la demande de devis sont utilis\u00e9es exclusivement \u00e0 des fins commerciales, pour permettre des \u00e9changes avec les clients.<\/p>\n<p><strong>Responsable des donn\u00e9es personnelles<\/strong> :<br \/>Jean-Pierre Navarri &#8211; <a href=\"mailto:contact@aliance-mobilier.com\">contact@aliance-mobilier.com<\/a><\/p>\n<p><strong>Dur\u00e9e de conservation des donn\u00e9es<\/strong> :<br \/>Les donn\u00e9es personnelles sont conserv\u00e9es pendant une dur\u00e9e maximale de 3 ans \u00e0 compter du dernier contact avec le client.<\/p>\n<p><strong>Vos droits<\/strong> :<br \/>Conform\u00e9ment au R\u00e8glement G\u00e9n\u00e9ral sur la Protection des Donn\u00e9es (RGPD), vous disposez des droits suivants :<\/p>\n<ul>\n<li>Acc\u00e8s, rectification, suppression des donn\u00e9es.<\/li>\n<li>Opposition ou limitation du traitement de vos donn\u00e9es.<\/li>\n<li>Portabilit\u00e9 des donn\u00e9es.<\/li>\n<\/ul>\n<p>Pour exercer vos droits, veuillez contacter : <a href=\"mailto:contact@aliance-mobilier.com\">contact@aliance-mobilier.com<\/a>. Vous avez \u00e9galement la possibilit\u00e9 d\u2019introduire une r\u00e9clamation aupr\u00e8s de la CNIL (<a href=\"http:\/\/www.cnil.fr\/\">www.cnil.fr<\/a>).<\/p>\n<h3>Cookies :<\/h3>\n<p>Ce site utilise des cookies pour am\u00e9liorer votre exp\u00e9rience utilisateur et pour des statistiques anonymes. Un bandeau de consentement est disponible pour vous permettre de configurer vos pr\u00e9f\u00e9rences.<br \/>Pour en savoir plus, consultez notre politique relative aux cookies.<\/p>\n<h3>Limitation de responsabilit\u00e9 :<\/h3>\n<p>Aliance Mobilier met tout en \u0153uvre pour garantir l\u2019exactitude des informations diffus\u00e9es sur ce site. Cependant, l\u2019entreprise ne saurait \u00eatre tenue responsable des omissions, erreurs ou \u00e9ventuelles interruptions dans l\u2019acc\u00e8s au site.<br \/>L\u2019utilisateur du site est seul responsable de la protection de son mat\u00e9riel informatique contre les virus ou autres menaces.<\/p>\n<h3>Tribunal comp\u00e9tent :<\/h3>\n<p>En cas de litige relatif \u00e0 l\u2019utilisation de ce site, le tribunal comp\u00e9tent est situ\u00e9 \u00e0 <strong>Toulouse<\/strong>, France.<\/p>\n<h3>Modification des mentions l\u00e9gales :<\/h3>\n<p>Aliance Mobilier se r\u00e9serve le droit de modifier les pr\u00e9sentes mentions l\u00e9gales \u00e0 tout moment. Les utilisateurs sont invit\u00e9s \u00e0 les consulter r\u00e9guli\u00e8rement.<\/p>\n<p><!-- \/wp:paragraph --><\/p>\t\t\t\t\t\t\t\t<\/div>\n\t\t\t\t<\/div>\n\t\t\t\t\t<\/div>\n\t\t\t\t<\/div>\n\t\t\t\t<\/div>\n\t\t","protected":false},"excerpt":{"rendered":"<p>Mentions l\u00e9gales Propri\u00e9taire du site : Aliance MobilierSARL au capital de 10.000 \u20acSIRET : 489 945 139 00017Num\u00e9ro de TVA [&hellip;]<\/p>\n","protected":false},"author":1,"featured_media":0,"parent":0,"menu_order":0,"comment_status":"closed","ping_status":"closed","template":"","meta":{"_acf_changed":false,"site-sidebar-layout":"default","site-content-layout":"","ast-site-content-layout":"default","site-content-style":"default","site-sidebar-style":"default","ast-global-header-display":"","ast-banner-title-visibility":"","ast-main-header-display":"","ast-hfb-above-header-display":"","ast-hfb-below-header-display":"","ast-hfb-mobile-header-display":"","site-post-title":"disabled","ast-breadcrumbs-content":"","ast-featured-img":"","footer-sml-layout":"","ast-disable-related-posts":"","theme-transparent-header-meta":"","adv-header-id-meta":"","stick-header-meta":"","header-above-stick-meta":"","header-main-stick-meta":"","header-below-stick-meta":"","astra-migrate-meta-layouts":"default","ast-page-background-enabled":"default","ast-page-background-meta":{"desktop":{"background-color":"var(--ast-global-color-4)","background-image":"","background-repeat":"repeat","background-position":"center center","background-size":"auto","background-attachment":"scroll","background-type":"","background-media":"","overlay-type":"","overlay-color":"","overlay-opacity":"","overlay-gradient":""},"tablet":{"background-color":"","background-image":"","background-repeat":"repeat","background-position":"center center","background-size":"auto","background-attachment":"scroll","background-type":"","background-media":"","overlay-type":"","overlay-color":"","overlay-opacity":"","overlay-gradient":""},"mobile":{"background-color":"","background-image":"","background-repeat":"repeat","background-position":"center center","background-size":"auto","background-attachment":"scroll","background-type":"","background-media":"","overlay-type":"","overlay-color":"","overlay-opacity":"","overlay-gradient":""}},"ast-content-background-meta":{"desktop":{"background-color":"var(--ast-global-color-5)","background-image":"","background-repeat":"repeat","background-position":"center center","background-size":"auto","background-attachment":"scroll","background-type":"","background-media":"","overlay-type":"","overlay-color":"","overlay-opacity":"","overlay-gradient":""},"tablet":{"background-color":"var(--ast-global-color-5)","background-image":"","background-repeat":"repeat","background-position":"center center","background-size":"auto","background-attachment":"scroll","background-type":"","background-media":"","overlay-type":"","overlay-color":"","overlay-opacity":"","overlay-gradient":""},"mobile":{"background-color":"var(--ast-global-color-5)","background-image":"","background-repeat":"repeat","background-position":"center center","background-size":"auto","background-attachment":"scroll","background-type":"","background-media":"","overlay-type":"","overlay-color":"","overlay-opacity":"","overlay-gradient":""}},"footnotes":""},"class_list":["post-16","page","type-page","status-publish","hentry"],"acf":[],"yoast_head":"<!-- This site is optimized with the Yoast SEO plugin v26.6 - https:\/\/yoast.com\/wordpress\/plugins\/seo\/ -->\n<title>Mentions l\u00e9gales - Aliance Mobilier<\/title>\n<meta name=\"robots\" content=\"index, follow, max-snippet:-1, max-image-preview:large, max-video-preview:-1\" \/>\n<link rel=\"canonical\" href=\"http:\/\/aliance-mobilier.com\/index.php\/mentions-legales\/\" \/>\n<meta property=\"og:locale\" content=\"fr_FR\" \/>\n<meta property=\"og:type\" content=\"article\" \/>\n<meta property=\"og:title\" content=\"Mentions l\u00e9gales - Aliance Mobilier\" \/>\n<meta property=\"og:description\" content=\"Mentions l\u00e9gales Propri\u00e9taire du site : Aliance MobilierSARL au capital de 10.000 \u20acSIRET : 489 945 139 00017Num\u00e9ro de TVA [&hellip;]\" \/>\n<meta property=\"og:url\" content=\"http:\/\/aliance-mobilier.com\/index.php\/mentions-legales\/\" \/>\n<meta property=\"og:site_name\" content=\"Aliance Mobilier\" \/>\n<meta property=\"article:modified_time\" content=\"2025-09-19T08:36:30+00:00\" \/>\n<meta name=\"twitter:card\" content=\"summary_large_image\" \/>\n<meta name=\"twitter:label1\" content=\"Dur\u00e9e de lecture estim\u00e9e\" \/>\n\t<meta name=\"twitter:data1\" content=\"2 minutes\" \/>\n<script type=\"application\/ld+json\" class=\"yoast-schema-graph\">{\"@context\":\"https:\/\/schema.org\",\"@graph\":[{\"@type\":\"WebPage\",\"@id\":\"http:\/\/aliance-mobilier.com\/index.php\/mentions-legales\/\",\"url\":\"http:\/\/aliance-mobilier.com\/index.php\/mentions-legales\/\",\"name\":\"Mentions l\u00e9gales - Aliance Mobilier\",\"isPartOf\":{\"@id\":\"http:\/\/aliance-mobilier.com\/#website\"},\"datePublished\":\"2025-01-08T14:52:50+00:00\",\"dateModified\":\"2025-09-19T08:36:30+00:00\",\"breadcrumb\":{\"@id\":\"http:\/\/aliance-mobilier.com\/index.php\/mentions-legales\/#breadcrumb\"},\"inLanguage\":\"fr-FR\",\"potentialAction\":[{\"@type\":\"ReadAction\",\"target\":[\"http:\/\/aliance-mobilier.com\/index.php\/mentions-legales\/\"]}]},{\"@type\":\"BreadcrumbList\",\"@id\":\"http:\/\/aliance-mobilier.com\/index.php\/mentions-legales\/#breadcrumb\",\"itemListElement\":[{\"@type\":\"ListItem\",\"position\":1,\"name\":\"Accueil\",\"item\":\"https:\/\/aliance-mobilier.com\/\"},{\"@type\":\"ListItem\",\"position\":2,\"name\":\"Mentions l\u00e9gales\"}]},{\"@type\":\"WebSite\",\"@id\":\"http:\/\/aliance-mobilier.com\/#website\",\"url\":\"http:\/\/aliance-mobilier.com\/\",\"name\":\"Aliance Mobilier\",\"description\":\"Location de mobilier \u00e9v\u00e9nementiel\",\"publisher\":{\"@id\":\"http:\/\/aliance-mobilier.com\/#organization\"},\"potentialAction\":[{\"@type\":\"SearchAction\",\"target\":{\"@type\":\"EntryPoint\",\"urlTemplate\":\"http:\/\/aliance-mobilier.com\/?s={search_term_string}\"},\"query-input\":{\"@type\":\"PropertyValueSpecification\",\"valueRequired\":true,\"valueName\":\"search_term_string\"}}],\"inLanguage\":\"fr-FR\"},{\"@type\":\"Organization\",\"@id\":\"http:\/\/aliance-mobilier.com\/#organization\",\"name\":\"Aliance Mobilier\",\"url\":\"http:\/\/aliance-mobilier.com\/\",\"logo\":{\"@type\":\"ImageObject\",\"inLanguage\":\"fr-FR\",\"@id\":\"http:\/\/aliance-mobilier.com\/#\/schema\/logo\/image\/\",\"url\":\"https:\/\/aliance-mobilier.com\/wp-content\/uploads\/2025\/08\/aliance-svg-3.svg\",\"contentUrl\":\"https:\/\/aliance-mobilier.com\/wp-content\/uploads\/2025\/08\/aliance-svg-3.svg\",\"width\":348,\"height\":34,\"caption\":\"Aliance Mobilier\"},\"image\":{\"@id\":\"http:\/\/aliance-mobilier.com\/#\/schema\/logo\/image\/\"}}]}<\/script>\n<!-- \/ Yoast SEO plugin. -->","yoast_head_json":{"title":"Mentions l\u00e9gales - Aliance Mobilier","robots":{"index":"index","follow":"follow","max-snippet":"max-snippet:-1","max-image-preview":"max-image-preview:large","max-video-preview":"max-video-preview:-1"},"canonical":"http:\/\/aliance-mobilier.com\/index.php\/mentions-legales\/","og_locale":"fr_FR","og_type":"article","og_title":"Mentions l\u00e9gales - Aliance Mobilier","og_description":"Mentions l\u00e9gales Propri\u00e9taire du site : Aliance MobilierSARL au capital de 10.000 \u20acSIRET : 489 945 139 00017Num\u00e9ro de TVA [&hellip;]","og_url":"http:\/\/aliance-mobilier.com\/index.php\/mentions-legales\/","og_site_name":"Aliance Mobilier","article_modified_time":"2025-09-19T08:36:30+00:00","twitter_card":"summary_large_image","twitter_misc":{"Dur\u00e9e de lecture estim\u00e9e":"2 minutes"},"schema":{"@context":"https:\/\/schema.org","@graph":[{"@type":"WebPage","@id":"http:\/\/aliance-mobilier.com\/index.php\/mentions-legales\/","url":"http:\/\/aliance-mobilier.com\/index.php\/mentions-legales\/","name":"Mentions l\u00e9gales - Aliance Mobilier","isPartOf":{"@id":"http:\/\/aliance-mobilier.com\/#website"},"datePublished":"2025-01-08T14:52:50+00:00","dateModified":"2025-09-19T08:36:30+00:00","breadcrumb":{"@id":"http:\/\/aliance-mobilier.com\/index.php\/mentions-legales\/#breadcrumb"},"inLanguage":"fr-FR","potentialAction":[{"@type":"ReadAction","target":["http:\/\/aliance-mobilier.com\/index.php\/mentions-legales\/"]}]},{"@type":"BreadcrumbList","@id":"http:\/\/aliance-mobilier.com\/index.php\/mentions-legales\/#breadcrumb","itemListElement":[{"@type":"ListItem","position":1,"name":"Accueil","item":"https:\/\/aliance-mobilier.com\/"},{"@type":"ListItem","position":2,"name":"Mentions l\u00e9gales"}]},{"@type":"WebSite","@id":"http:\/\/aliance-mobilier.com\/#website","url":"http:\/\/aliance-mobilier.com\/","name":"Aliance Mobilier","description":"Location de mobilier \u00e9v\u00e9nementiel","publisher":{"@id":"http:\/\/aliance-mobilier.com\/#organization"},"potentialAction":[{"@type":"SearchAction","target":{"@type":"EntryPoint","urlTemplate":"http:\/\/aliance-mobilier.com\/?s={search_term_string}"},"query-input":{"@type":"PropertyValueSpecification","valueRequired":true,"valueName":"search_term_string"}}],"inLanguage":"fr-FR"},{"@type":"Organization","@id":"http:\/\/aliance-mobilier.com\/#organization","name":"Aliance Mobilier","url":"http:\/\/aliance-mobilier.com\/","logo":{"@type":"ImageObject","inLanguage":"fr-FR","@id":"http:\/\/aliance-mobilier.com\/#\/schema\/logo\/image\/","url":"https:\/\/aliance-mobilier.com\/wp-content\/uploads\/2025\/08\/aliance-svg-3.svg","contentUrl":"https:\/\/aliance-mobilier.com\/wp-content\/uploads\/2025\/08\/aliance-svg-3.svg","width":348,"height":34,"caption":"Aliance Mobilier"},"image":{"@id":"http:\/\/aliance-mobilier.com\/#\/schema\/logo\/image\/"}}]}},"_links":{"self":[{"href":"https:\/\/aliance-mobilier.com\/index.php\/wp-json\/wp\/v2\/pages\/16","targetHints":{"allow":["GET"]}}],"collection":[{"href":"https:\/\/aliance-mobilier.com\/index.php\/wp-json\/wp\/v2\/pages"}],"about":[{"href":"https:\/\/aliance-mobilier.com\/index.php\/wp-json\/wp\/v2\/types\/page"}],"author":[{"embeddable":true,"href":"https:\/\/aliance-mobilier.com\/index.php\/wp-json\/wp\/v2\/users\/1"}],"replies":[{"embeddable":true,"href":"https:\/\/aliance-mobilier.com\/index.php\/wp-json\/wp\/v2\/comments?post=16"}],"version-history":[{"count":0,"href":"https:\/\/aliance-mobilier.com\/index.php\/wp-json\/wp\/v2\/pages\/16\/revisions"}],"wp:attachment":[{"href":"https:\/\/aliance-mobilier.com\/index.php\/wp-json\/wp\/v2\/media?parent=16"}],"curies":[{"name":"wp","href":"https:\/\/api.w.org\/{rel}","templated":true}]}}