{"id":10444,"date":"2025-04-24T13:36:48","date_gmt":"2025-04-24T11:36:48","guid":{"rendered":"https:\/\/vcrhawo.cluster100.hosting.ovh.net\/?page_id=10444"},"modified":"2025-04-24T13:38:54","modified_gmt":"2025-04-24T11:38:54","slug":"foire-au-questions","status":"publish","type":"page","link":"https:\/\/aliance-mobilier.com\/index.php\/foire-au-questions\/","title":{"rendered":"Foire au questions"},"content":{"rendered":"\t\t<div data-elementor-type=\"wp-page\" data-elementor-id=\"10444\" class=\"elementor elementor-10444\" data-elementor-post-type=\"page\">\n\t\t\t\t<div class=\"elementor-element elementor-element-1af5181 e-flex e-con-boxed e-con e-parent\" data-id=\"1af5181\" data-element_type=\"container\">\n\t\t\t\t\t<div class=\"e-con-inner\">\n\t\t<div class=\"elementor-element elementor-element-61c32c3 e-con-full e-flex e-con e-child\" data-id=\"61c32c3\" data-element_type=\"container\">\n\t\t<div class=\"elementor-element elementor-element-731c141 e-con-full e-flex e-con e-child\" data-id=\"731c141\" data-element_type=\"container\">\n\t\t\t\t<div class=\"elementor-element elementor-element-4f0f66b elementor-widget elementor-widget-heading\" data-id=\"4f0f66b\" data-element_type=\"widget\" data-widget_type=\"heading.default\">\n\t\t\t\t<div class=\"elementor-widget-container\">\n\t\t\t\t\t<h3 class=\"elementor-heading-title elementor-size-default\">Retrouvez toutes les r\u00e9ponses \u00e0 vos questions !<\/h3>\t\t\t\t<\/div>\n\t\t\t\t<\/div>\n\t\t\t\t<\/div>\n\t\t\t\t<\/div>\n\t\t\t\t\t<\/div>\n\t\t\t\t<\/div>\n\t\t<div class=\"elementor-element elementor-element-193ca69 e-flex e-con-boxed e-con e-parent\" data-id=\"193ca69\" data-element_type=\"container\">\n\t\t\t\t\t<div class=\"e-con-inner\">\n\t\t\t\t\t<\/div>\n\t\t\t\t<\/div>\n\t\t\t\t<\/div>\n\t\t","protected":false},"excerpt":{"rendered":"<p>Retrouvez toutes les r\u00e9ponses \u00e0 vos questions ! D&rsquo;o\u00f9 vient le mobilier ? Lorem ipsum dolor sit amet, consectetur adipisicing [&hellip;]<\/p>\n","protected":false},"author":1,"featured_media":0,"parent":0,"menu_order":0,"comment_status":"closed","ping_status":"closed","template":"","meta":{"_acf_changed":false,"site-sidebar-layout":"no-sidebar","site-content-layout":"","ast-site-content-layout":"full-width-container","site-content-style":"default","site-sidebar-style":"default","ast-global-header-display":"","ast-banner-title-visibility":"","ast-main-header-display":"","ast-hfb-above-header-display":"","ast-hfb-below-header-display":"","ast-hfb-mobile-header-display":"","site-post-title":"disabled","ast-breadcrumbs-content":"","ast-featured-img":"disabled","footer-sml-layout":"","ast-disable-related-posts":"","theme-transparent-header-meta":"","adv-header-id-meta":"","stick-header-meta":"","header-above-stick-meta":"","header-main-stick-meta":"","header-below-stick-meta":"","astra-migrate-meta-layouts":"default","ast-page-background-enabled":"default","ast-page-background-meta":{"desktop":{"background-color":"var(--ast-global-color-4)","background-image":"","background-repeat":"repeat","background-position":"center center","background-size":"auto","background-attachment":"scroll","background-type":"","background-media":"","overlay-type":"","overlay-color":"","overlay-opacity":"","overlay-gradient":""},"tablet":{"background-color":"","background-image":"","background-repeat":"repeat","background-position":"center center","background-size":"auto","background-attachment":"scroll","background-type":"","background-media":"","overlay-type":"","overlay-color":"","overlay-opacity":"","overlay-gradient":""},"mobile":{"background-color":"","background-image":"","background-repeat":"repeat","background-position":"center center","background-size":"auto","background-attachment":"scroll","background-type":"","background-media":"","overlay-type":"","overlay-color":"","overlay-opacity":"","overlay-gradient":""}},"ast-content-background-meta":{"desktop":{"background-color":"var(--ast-global-color-5)","background-image":"","background-repeat":"repeat","background-position":"center center","background-size":"auto","background-attachment":"scroll","background-type":"","background-media":"","overlay-type":"","overlay-color":"","overlay-opacity":"","overlay-gradient":""},"tablet":{"background-color":"var(--ast-global-color-5)","background-image":"","background-repeat":"repeat","background-position":"center center","background-size":"auto","background-attachment":"scroll","background-type":"","background-media":"","overlay-type":"","overlay-color":"","overlay-opacity":"","overlay-gradient":""},"mobile":{"background-color":"var(--ast-global-color-5)","background-image":"","background-repeat":"repeat","background-position":"center center","background-size":"auto","background-attachment":"scroll","background-type":"","background-media":"","overlay-type":"","overlay-color":"","overlay-opacity":"","overlay-gradient":""}},"footnotes":""},"class_list":["post-10444","page","type-page","status-publish","hentry"],"acf":[],"yoast_head":"<!-- This site is optimized with the Yoast SEO plugin v26.6 - https:\/\/yoast.com\/wordpress\/plugins\/seo\/ -->\n<title>Foire au questions - Aliance Mobilier<\/title>\n<meta name=\"robots\" content=\"index, follow, max-snippet:-1, max-image-preview:large, max-video-preview:-1\" \/>\n<link rel=\"canonical\" href=\"http:\/\/aliance-mobilier.com\/index.php\/foire-au-questions\/\" \/>\n<meta property=\"og:locale\" content=\"fr_FR\" \/>\n<meta property=\"og:type\" content=\"article\" \/>\n<meta property=\"og:title\" content=\"Foire au questions - Aliance Mobilier\" \/>\n<meta property=\"og:description\" content=\"Retrouvez toutes les r\u00e9ponses \u00e0 vos questions ! D&rsquo;o\u00f9 vient le mobilier ? Lorem ipsum dolor sit amet, consectetur adipisicing [&hellip;]\" \/>\n<meta property=\"og:url\" content=\"http:\/\/aliance-mobilier.com\/index.php\/foire-au-questions\/\" \/>\n<meta property=\"og:site_name\" content=\"Aliance Mobilier\" \/>\n<meta property=\"article:modified_time\" content=\"2025-04-24T11:38:54+00:00\" \/>\n<meta name=\"twitter:card\" content=\"summary_large_image\" \/>\n<meta name=\"twitter:label1\" content=\"Dur\u00e9e de lecture estim\u00e9e\" \/>\n\t<meta name=\"twitter:data1\" content=\"1 minute\" \/>\n<script type=\"application\/ld+json\" class=\"yoast-schema-graph\">{\"@context\":\"https:\/\/schema.org\",\"@graph\":[{\"@type\":\"WebPage\",\"@id\":\"http:\/\/aliance-mobilier.com\/index.php\/foire-au-questions\/\",\"url\":\"http:\/\/aliance-mobilier.com\/index.php\/foire-au-questions\/\",\"name\":\"Foire au questions - Aliance Mobilier\",\"isPartOf\":{\"@id\":\"http:\/\/aliance-mobilier.com\/#website\"},\"datePublished\":\"2025-04-24T11:36:48+00:00\",\"dateModified\":\"2025-04-24T11:38:54+00:00\",\"breadcrumb\":{\"@id\":\"http:\/\/aliance-mobilier.com\/index.php\/foire-au-questions\/#breadcrumb\"},\"inLanguage\":\"fr-FR\",\"potentialAction\":[{\"@type\":\"ReadAction\",\"target\":[\"http:\/\/aliance-mobilier.com\/index.php\/foire-au-questions\/\"]}]},{\"@type\":\"BreadcrumbList\",\"@id\":\"http:\/\/aliance-mobilier.com\/index.php\/foire-au-questions\/#breadcrumb\",\"itemListElement\":[{\"@type\":\"ListItem\",\"position\":1,\"name\":\"Accueil\",\"item\":\"https:\/\/aliance-mobilier.com\/\"},{\"@type\":\"ListItem\",\"position\":2,\"name\":\"Foire au questions\"}]},{\"@type\":\"WebSite\",\"@id\":\"http:\/\/aliance-mobilier.com\/#website\",\"url\":\"http:\/\/aliance-mobilier.com\/\",\"name\":\"Aliance Mobilier\",\"description\":\"Location de mobilier \u00e9v\u00e9nementiel\",\"publisher\":{\"@id\":\"http:\/\/aliance-mobilier.com\/#organization\"},\"potentialAction\":[{\"@type\":\"SearchAction\",\"target\":{\"@type\":\"EntryPoint\",\"urlTemplate\":\"http:\/\/aliance-mobilier.com\/?s={search_term_string}\"},\"query-input\":{\"@type\":\"PropertyValueSpecification\",\"valueRequired\":true,\"valueName\":\"search_term_string\"}}],\"inLanguage\":\"fr-FR\"},{\"@type\":\"Organization\",\"@id\":\"http:\/\/aliance-mobilier.com\/#organization\",\"name\":\"Aliance Mobilier\",\"url\":\"http:\/\/aliance-mobilier.com\/\",\"logo\":{\"@type\":\"ImageObject\",\"inLanguage\":\"fr-FR\",\"@id\":\"http:\/\/aliance-mobilier.com\/#\/schema\/logo\/image\/\",\"url\":\"https:\/\/aliance-mobilier.com\/wp-content\/uploads\/2025\/08\/aliance-svg-3.svg\",\"contentUrl\":\"https:\/\/aliance-mobilier.com\/wp-content\/uploads\/2025\/08\/aliance-svg-3.svg\",\"width\":348,\"height\":34,\"caption\":\"Aliance Mobilier\"},\"image\":{\"@id\":\"http:\/\/aliance-mobilier.com\/#\/schema\/logo\/image\/\"}}]}<\/script>\n<!-- \/ Yoast SEO plugin. -->","yoast_head_json":{"title":"Foire au questions - Aliance Mobilier","robots":{"index":"index","follow":"follow","max-snippet":"max-snippet:-1","max-image-preview":"max-image-preview:large","max-video-preview":"max-video-preview:-1"},"canonical":"http:\/\/aliance-mobilier.com\/index.php\/foire-au-questions\/","og_locale":"fr_FR","og_type":"article","og_title":"Foire au questions - Aliance Mobilier","og_description":"Retrouvez toutes les r\u00e9ponses \u00e0 vos questions ! D&rsquo;o\u00f9 vient le mobilier ? Lorem ipsum dolor sit amet, consectetur adipisicing [&hellip;]","og_url":"http:\/\/aliance-mobilier.com\/index.php\/foire-au-questions\/","og_site_name":"Aliance Mobilier","article_modified_time":"2025-04-24T11:38:54+00:00","twitter_card":"summary_large_image","twitter_misc":{"Dur\u00e9e de lecture estim\u00e9e":"1 minute"},"schema":{"@context":"https:\/\/schema.org","@graph":[{"@type":"WebPage","@id":"http:\/\/aliance-mobilier.com\/index.php\/foire-au-questions\/","url":"http:\/\/aliance-mobilier.com\/index.php\/foire-au-questions\/","name":"Foire au questions - Aliance Mobilier","isPartOf":{"@id":"http:\/\/aliance-mobilier.com\/#website"},"datePublished":"2025-04-24T11:36:48+00:00","dateModified":"2025-04-24T11:38:54+00:00","breadcrumb":{"@id":"http:\/\/aliance-mobilier.com\/index.php\/foire-au-questions\/#breadcrumb"},"inLanguage":"fr-FR","potentialAction":[{"@type":"ReadAction","target":["http:\/\/aliance-mobilier.com\/index.php\/foire-au-questions\/"]}]},{"@type":"BreadcrumbList","@id":"http:\/\/aliance-mobilier.com\/index.php\/foire-au-questions\/#breadcrumb","itemListElement":[{"@type":"ListItem","position":1,"name":"Accueil","item":"https:\/\/aliance-mobilier.com\/"},{"@type":"ListItem","position":2,"name":"Foire au questions"}]},{"@type":"WebSite","@id":"http:\/\/aliance-mobilier.com\/#website","url":"http:\/\/aliance-mobilier.com\/","name":"Aliance Mobilier","description":"Location de mobilier \u00e9v\u00e9nementiel","publisher":{"@id":"http:\/\/aliance-mobilier.com\/#organization"},"potentialAction":[{"@type":"SearchAction","target":{"@type":"EntryPoint","urlTemplate":"http:\/\/aliance-mobilier.com\/?s={search_term_string}"},"query-input":{"@type":"PropertyValueSpecification","valueRequired":true,"valueName":"search_term_string"}}],"inLanguage":"fr-FR"},{"@type":"Organization","@id":"http:\/\/aliance-mobilier.com\/#organization","name":"Aliance Mobilier","url":"http:\/\/aliance-mobilier.com\/","logo":{"@type":"ImageObject","inLanguage":"fr-FR","@id":"http:\/\/aliance-mobilier.com\/#\/schema\/logo\/image\/","url":"https:\/\/aliance-mobilier.com\/wp-content\/uploads\/2025\/08\/aliance-svg-3.svg","contentUrl":"https:\/\/aliance-mobilier.com\/wp-content\/uploads\/2025\/08\/aliance-svg-3.svg","width":348,"height":34,"caption":"Aliance Mobilier"},"image":{"@id":"http:\/\/aliance-mobilier.com\/#\/schema\/logo\/image\/"}}]}},"_links":{"self":[{"href":"https:\/\/aliance-mobilier.com\/index.php\/wp-json\/wp\/v2\/pages\/10444","targetHints":{"allow":["GET"]}}],"collection":[{"href":"https:\/\/aliance-mobilier.com\/index.php\/wp-json\/wp\/v2\/pages"}],"about":[{"href":"https:\/\/aliance-mobilier.com\/index.php\/wp-json\/wp\/v2\/types\/page"}],"author":[{"embeddable":true,"href":"https:\/\/aliance-mobilier.com\/index.php\/wp-json\/wp\/v2\/users\/1"}],"replies":[{"embeddable":true,"href":"https:\/\/aliance-mobilier.com\/index.php\/wp-json\/wp\/v2\/comments?post=10444"}],"version-history":[{"count":0,"href":"https:\/\/aliance-mobilier.com\/index.php\/wp-json\/wp\/v2\/pages\/10444\/revisions"}],"wp:attachment":[{"href":"https:\/\/aliance-mobilier.com\/index.php\/wp-json\/wp\/v2\/media?parent=10444"}],"curies":[{"name":"wp","href":"https:\/\/api.w.org\/{rel}","templated":true}]}}