{"id":8025,"date":"2024-12-31T10:41:55","date_gmt":"2024-12-31T09:41:55","guid":{"rendered":"https:\/\/vcrhawo.cluster100.hosting.ovh.net\/?post_type=product&#038;p=8025"},"modified":"2025-10-08T16:12:53","modified_gmt":"2025-10-08T14:12:53","slug":"evier-a-raccorder-eau-froide-eau-chaude","status":"publish","type":"product","link":"http:\/\/aliance-mobilier.com\/index.php\/produit\/evier-a-raccorder-eau-froide-eau-chaude\/","title":{"rendered":"EVIER A RACCORDER eau froide\/eau chaude"},"content":{"rendered":"<p>1 bac eau froide\/ eau chaude<\/p>\n<p>Pr\u00e9voir arriv\u00e9e + \u00e9vacuation d&rsquo;eau \/ La demande d&rsquo;arriv\u00e9e d&rsquo;eau et d&rsquo;\u00e9vacuation ainsi que le raccordement est \u00e0 commander \u00e0 l&rsquo;organisateur.<\/p>\n<p>Caution 350\u20ac<\/p>\n<p>H:93cm L:78cm P:43cm<\/p>\n","protected":false},"excerpt":{"rendered":"<p>1 bac eau froide\/ eau chaude<\/p>\n<p>Pr\u00e9voir arriv\u00e9e + \u00e9vacuation d&rsquo;eau \/ La demande d&rsquo;arriv\u00e9e d&rsquo;eau et d&rsquo;\u00e9vacuation ainsi que le raccordement est \u00e0 commander \u00e0 l&rsquo;organisateur.<\/p>\n<p>Caution 350\u20ac<\/p>\n<p>H:93cm L:78cm P:43cm<\/p>\n","protected":false},"featured_media":11857,"template":"","meta":{"_acf_changed":false,"site-sidebar-layout":"default","site-content-layout":"","ast-site-content-layout":"default","site-content-style":"default","site-sidebar-style":"default","ast-global-header-display":"","ast-banner-title-visibility":"","ast-main-header-display":"","ast-hfb-above-header-display":"","ast-hfb-below-header-display":"","ast-hfb-mobile-header-display":"","site-post-title":"","ast-breadcrumbs-content":"","ast-featured-img":"","footer-sml-layout":"","ast-disable-related-posts":"","theme-transparent-header-meta":"default","adv-header-id-meta":"","stick-header-meta":"","header-above-stick-meta":"","header-main-stick-meta":"","header-below-stick-meta":"","astra-migrate-meta-layouts":"set","ast-page-background-enabled":"default","ast-page-background-meta":{"desktop":{"background-color":"var(--ast-global-color-4)","background-image":"","background-repeat":"repeat","background-position":"center center","background-size":"auto","background-attachment":"scroll","background-type":"","background-media":"","overlay-type":"","overlay-color":"","overlay-opacity":"","overlay-gradient":""},"tablet":{"background-color":"","background-image":"","background-repeat":"repeat","background-position":"center center","background-size":"auto","background-attachment":"scroll","background-type":"","background-media":"","overlay-type":"","overlay-color":"","overlay-opacity":"","overlay-gradient":""},"mobile":{"background-color":"","background-image":"","background-repeat":"repeat","background-position":"center center","background-size":"auto","background-attachment":"scroll","background-type":"","background-media":"","overlay-type":"","overlay-color":"","overlay-opacity":"","overlay-gradient":""}},"ast-content-background-meta":{"desktop":{"background-color":"var(--ast-global-color-5)","background-image":"","background-repeat":"repeat","background-position":"center center","background-size":"auto","background-attachment":"scroll","background-type":"","background-media":"","overlay-type":"","overlay-color":"","overlay-opacity":"","overlay-gradient":""},"tablet":{"background-color":"var(--ast-global-color-5)","background-image":"","background-repeat":"repeat","background-position":"center center","background-size":"auto","background-attachment":"scroll","background-type":"","background-media":"","overlay-type":"","overlay-color":"","overlay-opacity":"","overlay-gradient":""},"mobile":{"background-color":"var(--ast-global-color-5)","background-image":"","background-repeat":"repeat","background-position":"center center","background-size":"auto","background-attachment":"scroll","background-type":"","background-media":"","overlay-type":"","overlay-color":"","overlay-opacity":"","overlay-gradient":""}}},"product_brand":[],"product_cat":[132,51],"product_tag":[],"class_list":{"0":"post-8025","1":"product","2":"type-product","3":"status-publish","4":"has-post-thumbnail","6":"product_cat-electromenager","7":"product_cat-accessoires","8":"desktop-align-center","9":"tablet-align-left","10":"mobile-align-left","12":"first","13":"instock","14":"taxable","15":"shipping-taxable","16":"purchasable","17":"product-type-simple"},"acf":[],"yoast_head":"<!-- This site is optimized with the Yoast SEO plugin v26.6 - https:\/\/yoast.com\/wordpress\/plugins\/seo\/ -->\n<title>EVIER A RACCORDER eau froide\/eau chaude - Aliance Mobilier<\/title>\n<meta name=\"robots\" content=\"index, follow, max-snippet:-1, max-image-preview:large, max-video-preview:-1\" \/>\n<link rel=\"canonical\" href=\"https:\/\/aliance-mobilier.com\/index.php\/produit\/evier-a-raccorder-eau-froide-eau-chaude\/\" \/>\n<meta property=\"og:locale\" content=\"fr_FR\" \/>\n<meta property=\"og:type\" content=\"article\" \/>\n<meta property=\"og:title\" content=\"EVIER A RACCORDER eau froide\/eau chaude - Aliance Mobilier\" \/>\n<meta property=\"og:description\" content=\"1 bac eau froide\/ eau chaude  Pr\u00e9voir arriv\u00e9e + \u00e9vacuation d&#039;eau \/ La demande d&#039;arriv\u00e9e d&#039;eau et d&#039;\u00e9vacuation ainsi que le raccordement est \u00e0 commander \u00e0 l&#039;organisateur.  Caution 350\u20ac  H:93cm L:78cm P:43cm\" \/>\n<meta property=\"og:url\" content=\"https:\/\/aliance-mobilier.com\/index.php\/produit\/evier-a-raccorder-eau-froide-eau-chaude\/\" \/>\n<meta property=\"og:site_name\" content=\"Aliance Mobilier\" \/>\n<meta property=\"article:modified_time\" content=\"2025-10-08T14:12:53+00:00\" \/>\n<meta property=\"og:image\" content=\"https:\/\/aliance-mobilier.com\/wp-content\/uploads\/2024\/12\/976.png\" \/>\n\t<meta property=\"og:image:width\" content=\"1000\" \/>\n\t<meta property=\"og:image:height\" content=\"1000\" \/>\n\t<meta property=\"og:image:type\" content=\"image\/png\" \/>\n<meta name=\"twitter:card\" content=\"summary_large_image\" \/>\n<meta name=\"twitter:label1\" content=\"Dur\u00e9e de lecture estim\u00e9e\" \/>\n\t<meta name=\"twitter:data1\" content=\"1 minute\" \/>\n<script type=\"application\/ld+json\" class=\"yoast-schema-graph\">{\"@context\":\"https:\/\/schema.org\",\"@graph\":[{\"@type\":\"WebPage\",\"@id\":\"https:\/\/aliance-mobilier.com\/index.php\/produit\/evier-a-raccorder-eau-froide-eau-chaude\/\",\"url\":\"https:\/\/aliance-mobilier.com\/index.php\/produit\/evier-a-raccorder-eau-froide-eau-chaude\/\",\"name\":\"EVIER A RACCORDER eau froide\/eau chaude - Aliance Mobilier\",\"isPartOf\":{\"@id\":\"http:\/\/aliance-mobilier.com\/#website\"},\"primaryImageOfPage\":{\"@id\":\"https:\/\/aliance-mobilier.com\/index.php\/produit\/evier-a-raccorder-eau-froide-eau-chaude\/#primaryimage\"},\"image\":{\"@id\":\"https:\/\/aliance-mobilier.com\/index.php\/produit\/evier-a-raccorder-eau-froide-eau-chaude\/#primaryimage\"},\"thumbnailUrl\":\"http:\/\/aliance-mobilier.com\/wp-content\/uploads\/2024\/12\/976.png\",\"datePublished\":\"2024-12-31T09:41:55+00:00\",\"dateModified\":\"2025-10-08T14:12:53+00:00\",\"breadcrumb\":{\"@id\":\"https:\/\/aliance-mobilier.com\/index.php\/produit\/evier-a-raccorder-eau-froide-eau-chaude\/#breadcrumb\"},\"inLanguage\":\"fr-FR\",\"potentialAction\":[{\"@type\":\"ReadAction\",\"target\":[\"https:\/\/aliance-mobilier.com\/index.php\/produit\/evier-a-raccorder-eau-froide-eau-chaude\/\"]}]},{\"@type\":\"ImageObject\",\"inLanguage\":\"fr-FR\",\"@id\":\"https:\/\/aliance-mobilier.com\/index.php\/produit\/evier-a-raccorder-eau-froide-eau-chaude\/#primaryimage\",\"url\":\"http:\/\/aliance-mobilier.com\/wp-content\/uploads\/2024\/12\/976.png\",\"contentUrl\":\"http:\/\/aliance-mobilier.com\/wp-content\/uploads\/2024\/12\/976.png\",\"width\":1000,\"height\":1000},{\"@type\":\"BreadcrumbList\",\"@id\":\"https:\/\/aliance-mobilier.com\/index.php\/produit\/evier-a-raccorder-eau-froide-eau-chaude\/#breadcrumb\",\"itemListElement\":[{\"@type\":\"ListItem\",\"position\":1,\"name\":\"Accueil\",\"item\":\"https:\/\/aliance-mobilier.com\/\"},{\"@type\":\"ListItem\",\"position\":2,\"name\":\"Produits\",\"item\":\"https:\/\/aliance-mobilier.com\/index.php\/shop\/\"},{\"@type\":\"ListItem\",\"position\":3,\"name\":\"EVIER A RACCORDER eau froide\/eau chaude\"}]},{\"@type\":\"WebSite\",\"@id\":\"http:\/\/aliance-mobilier.com\/#website\",\"url\":\"http:\/\/aliance-mobilier.com\/\",\"name\":\"Aliance Mobilier\",\"description\":\"Location de mobilier \u00e9v\u00e9nementiel\",\"publisher\":{\"@id\":\"http:\/\/aliance-mobilier.com\/#organization\"},\"potentialAction\":[{\"@type\":\"SearchAction\",\"target\":{\"@type\":\"EntryPoint\",\"urlTemplate\":\"http:\/\/aliance-mobilier.com\/?s={search_term_string}\"},\"query-input\":{\"@type\":\"PropertyValueSpecification\",\"valueRequired\":true,\"valueName\":\"search_term_string\"}}],\"inLanguage\":\"fr-FR\"},{\"@type\":\"Organization\",\"@id\":\"http:\/\/aliance-mobilier.com\/#organization\",\"name\":\"Aliance Mobilier\",\"url\":\"http:\/\/aliance-mobilier.com\/\",\"logo\":{\"@type\":\"ImageObject\",\"inLanguage\":\"fr-FR\",\"@id\":\"http:\/\/aliance-mobilier.com\/#\/schema\/logo\/image\/\",\"url\":\"http:\/\/aliance-mobilier.com\/wp-content\/uploads\/2025\/08\/aliance-svg-3.svg\",\"contentUrl\":\"http:\/\/aliance-mobilier.com\/wp-content\/uploads\/2025\/08\/aliance-svg-3.svg\",\"width\":348,\"height\":34,\"caption\":\"Aliance Mobilier\"},\"image\":{\"@id\":\"http:\/\/aliance-mobilier.com\/#\/schema\/logo\/image\/\"}}]}<\/script>\n<!-- \/ Yoast SEO plugin. -->","yoast_head_json":{"title":"EVIER A RACCORDER eau froide\/eau chaude - Aliance Mobilier","robots":{"index":"index","follow":"follow","max-snippet":"max-snippet:-1","max-image-preview":"max-image-preview:large","max-video-preview":"max-video-preview:-1"},"canonical":"https:\/\/aliance-mobilier.com\/index.php\/produit\/evier-a-raccorder-eau-froide-eau-chaude\/","og_locale":"fr_FR","og_type":"article","og_title":"EVIER A RACCORDER eau froide\/eau chaude - Aliance Mobilier","og_description":"1 bac eau froide\/ eau chaude  Pr\u00e9voir arriv\u00e9e + \u00e9vacuation d'eau \/ La demande d'arriv\u00e9e d'eau et d'\u00e9vacuation ainsi que le raccordement est \u00e0 commander \u00e0 l'organisateur.  Caution 350\u20ac  H:93cm L:78cm P:43cm","og_url":"https:\/\/aliance-mobilier.com\/index.php\/produit\/evier-a-raccorder-eau-froide-eau-chaude\/","og_site_name":"Aliance Mobilier","article_modified_time":"2025-10-08T14:12:53+00:00","og_image":[{"width":1000,"height":1000,"url":"https:\/\/aliance-mobilier.com\/wp-content\/uploads\/2024\/12\/976.png","type":"image\/png"}],"twitter_card":"summary_large_image","twitter_misc":{"Dur\u00e9e de lecture estim\u00e9e":"1 minute"},"schema":{"@context":"https:\/\/schema.org","@graph":[{"@type":"WebPage","@id":"https:\/\/aliance-mobilier.com\/index.php\/produit\/evier-a-raccorder-eau-froide-eau-chaude\/","url":"https:\/\/aliance-mobilier.com\/index.php\/produit\/evier-a-raccorder-eau-froide-eau-chaude\/","name":"EVIER A RACCORDER eau froide\/eau chaude - Aliance Mobilier","isPartOf":{"@id":"http:\/\/aliance-mobilier.com\/#website"},"primaryImageOfPage":{"@id":"https:\/\/aliance-mobilier.com\/index.php\/produit\/evier-a-raccorder-eau-froide-eau-chaude\/#primaryimage"},"image":{"@id":"https:\/\/aliance-mobilier.com\/index.php\/produit\/evier-a-raccorder-eau-froide-eau-chaude\/#primaryimage"},"thumbnailUrl":"http:\/\/aliance-mobilier.com\/wp-content\/uploads\/2024\/12\/976.png","datePublished":"2024-12-31T09:41:55+00:00","dateModified":"2025-10-08T14:12:53+00:00","breadcrumb":{"@id":"https:\/\/aliance-mobilier.com\/index.php\/produit\/evier-a-raccorder-eau-froide-eau-chaude\/#breadcrumb"},"inLanguage":"fr-FR","potentialAction":[{"@type":"ReadAction","target":["https:\/\/aliance-mobilier.com\/index.php\/produit\/evier-a-raccorder-eau-froide-eau-chaude\/"]}]},{"@type":"ImageObject","inLanguage":"fr-FR","@id":"https:\/\/aliance-mobilier.com\/index.php\/produit\/evier-a-raccorder-eau-froide-eau-chaude\/#primaryimage","url":"http:\/\/aliance-mobilier.com\/wp-content\/uploads\/2024\/12\/976.png","contentUrl":"http:\/\/aliance-mobilier.com\/wp-content\/uploads\/2024\/12\/976.png","width":1000,"height":1000},{"@type":"BreadcrumbList","@id":"https:\/\/aliance-mobilier.com\/index.php\/produit\/evier-a-raccorder-eau-froide-eau-chaude\/#breadcrumb","itemListElement":[{"@type":"ListItem","position":1,"name":"Accueil","item":"https:\/\/aliance-mobilier.com\/"},{"@type":"ListItem","position":2,"name":"Produits","item":"https:\/\/aliance-mobilier.com\/index.php\/shop\/"},{"@type":"ListItem","position":3,"name":"EVIER A RACCORDER eau froide\/eau chaude"}]},{"@type":"WebSite","@id":"http:\/\/aliance-mobilier.com\/#website","url":"http:\/\/aliance-mobilier.com\/","name":"Aliance Mobilier","description":"Location de mobilier \u00e9v\u00e9nementiel","publisher":{"@id":"http:\/\/aliance-mobilier.com\/#organization"},"potentialAction":[{"@type":"SearchAction","target":{"@type":"EntryPoint","urlTemplate":"http:\/\/aliance-mobilier.com\/?s={search_term_string}"},"query-input":{"@type":"PropertyValueSpecification","valueRequired":true,"valueName":"search_term_string"}}],"inLanguage":"fr-FR"},{"@type":"Organization","@id":"http:\/\/aliance-mobilier.com\/#organization","name":"Aliance Mobilier","url":"http:\/\/aliance-mobilier.com\/","logo":{"@type":"ImageObject","inLanguage":"fr-FR","@id":"http:\/\/aliance-mobilier.com\/#\/schema\/logo\/image\/","url":"http:\/\/aliance-mobilier.com\/wp-content\/uploads\/2025\/08\/aliance-svg-3.svg","contentUrl":"http:\/\/aliance-mobilier.com\/wp-content\/uploads\/2025\/08\/aliance-svg-3.svg","width":348,"height":34,"caption":"Aliance Mobilier"},"image":{"@id":"http:\/\/aliance-mobilier.com\/#\/schema\/logo\/image\/"}}]}},"_links":{"self":[{"href":"http:\/\/aliance-mobilier.com\/index.php\/wp-json\/wp\/v2\/product\/8025","targetHints":{"allow":["GET"]}}],"collection":[{"href":"http:\/\/aliance-mobilier.com\/index.php\/wp-json\/wp\/v2\/product"}],"about":[{"href":"http:\/\/aliance-mobilier.com\/index.php\/wp-json\/wp\/v2\/types\/product"}],"version-history":[{"count":1,"href":"http:\/\/aliance-mobilier.com\/index.php\/wp-json\/wp\/v2\/product\/8025\/revisions"}],"predecessor-version":[{"id":13433,"href":"http:\/\/aliance-mobilier.com\/index.php\/wp-json\/wp\/v2\/product\/8025\/revisions\/13433"}],"wp:featuredmedia":[{"embeddable":true,"href":"http:\/\/aliance-mobilier.com\/index.php\/wp-json\/wp\/v2\/media\/11857"}],"wp:attachment":[{"href":"http:\/\/aliance-mobilier.com\/index.php\/wp-json\/wp\/v2\/media?parent=8025"}],"wp:term":[{"taxonomy":"product_brand","embeddable":true,"href":"http:\/\/aliance-mobilier.com\/index.php\/wp-json\/wp\/v2\/product_brand?post=8025"},{"taxonomy":"product_cat","embeddable":true,"href":"http:\/\/aliance-mobilier.com\/index.php\/wp-json\/wp\/v2\/product_cat?post=8025"},{"taxonomy":"product_tag","embeddable":true,"href":"http:\/\/aliance-mobilier.com\/index.php\/wp-json\/wp\/v2\/product_tag?post=8025"}],"curies":[{"name":"wp","href":"https:\/\/api.w.org\/{rel}","templated":true}]}}